{"id":499,"date":"2016-12-18T10:43:17","date_gmt":"2016-12-18T09:43:17","guid":{"rendered":"http:\/\/brullsen-hachmuehlen.eu\/?page_id=499"},"modified":"2024-11-26T13:22:09","modified_gmt":"2024-11-26T12:22:09","slug":"gemischter-chor-eintracht-hachmuehlen","status":"publish","type":"page","link":"https:\/\/brullsen-hachmuehlen.eu\/?page_id=499","title":{"rendered":"Gemischter Chor Eintracht Hachm\u00fchlen"},"content":{"rendered":"<div class=\"jsn-article-content\">\n<p>Der demographische Wandel macht auch vor dem Gemischten Chor Eintracht Hachm\u00fchlen nicht halt. Nachdem aus Altersgr\u00fcnden nur noch 13 aktive S\u00e4ngerinnen und S\u00e4nger am Singabend teilnehmen konnten, haben wir uns entschlossen, aus dem aktiven Chor einen ruhenden Verein zu machen. Aber Aufl\u00f6sen kam f\u00fcr unseren Chor nicht in Frage. Wir treffen uns weiterhin neben der Jahreshauptversammlung 3 x j\u00e4hrlich zu verschiedenen geselligen Veranstaltungen, bei denen auch das leibliche Wohl nicht zu kurz kommt. Zu diesen Veranstaltungen ist jedermann herzlich willkommen.<\/p>\n<p><strong>Ansprechpartner<\/strong><\/p>\n<table style=\"width: 75.8263%;\">\n<tbody>\n<tr>\n<td style=\"width: 36.2857%;\"><strong>1. Vorsitzende<\/strong><br \/>\nGabriele Schmidt<br \/>\nHirschberger Stra\u00dfe 5<br \/>\n31848 Bad M\u00fcnder<br \/>\nTel.: 05042 &#8211; 51618<\/td>\n<td style=\"width: 120.937%;\"><\/td>\n<\/tr>\n<tr>\n<td style=\"width: 36.2857%;\"><strong><\/p>\n<p>2. Vorsitzender<\/strong><br \/>\nDetlev Schmidt<br \/>\nHirschberger Stra\u00dfe 5<br \/>\n31848 Bad M\u00fcnder<br \/>\nTel.: 05042 &#8211; 51618<\/td>\n<td style=\"width: 120.937%;\"><strong><\/p>\n<p>Schriftf\u00fchrerin u. Kassenwartin<\/strong><br \/>\nMarina Fredebold<br \/>\nDorfstra\u00dfe 21<br \/>\n31848 Bad M\u00fcnder<br \/>\nTel.: 05042 &#8211; 509436<\/td>\n<\/tr>\n<\/tbody>\n<\/table>\n<\/div>\n","protected":false},"excerpt":{"rendered":"<div class=\"mh-excerpt\">Der demographische Wandel macht auch vor dem Gemischten Chor Eintracht Hachm\u00fchlen nicht halt. Nachdem aus Altersgr\u00fcnden nur noch 13 aktive S\u00e4ngerinnen und S\u00e4nger am Singabend teilnehmen konnten, haben wir uns entschlossen, aus dem aktiven Chor <a class=\"mh-excerpt-more\" href=\"https:\/\/brullsen-hachmuehlen.eu\/?page_id=499\" title=\"Gemischter Chor Eintracht Hachm\u00fchlen\">[&#8230;]<\/a><\/div>\n","protected":false},"author":1,"featured_media":0,"parent":0,"menu_order":0,"comment_status":"closed","ping_status":"closed","template":"template-full.php","meta":{"footnotes":""},"class_list":["post-499","page","type-page","status-publish","hentry"],"_links":{"self":[{"href":"https:\/\/brullsen-hachmuehlen.eu\/index.php?rest_route=\/wp\/v2\/pages\/499","targetHints":{"allow":["GET"]}}],"collection":[{"href":"https:\/\/brullsen-hachmuehlen.eu\/index.php?rest_route=\/wp\/v2\/pages"}],"about":[{"href":"https:\/\/brullsen-hachmuehlen.eu\/index.php?rest_route=\/wp\/v2\/types\/page"}],"author":[{"embeddable":true,"href":"https:\/\/brullsen-hachmuehlen.eu\/index.php?rest_route=\/wp\/v2\/users\/1"}],"replies":[{"embeddable":true,"href":"https:\/\/brullsen-hachmuehlen.eu\/index.php?rest_route=%2Fwp%2Fv2%2Fcomments&post=499"}],"version-history":[{"count":7,"href":"https:\/\/brullsen-hachmuehlen.eu\/index.php?rest_route=\/wp\/v2\/pages\/499\/revisions"}],"predecessor-version":[{"id":5111,"href":"https:\/\/brullsen-hachmuehlen.eu\/index.php?rest_route=\/wp\/v2\/pages\/499\/revisions\/5111"}],"wp:attachment":[{"href":"https:\/\/brullsen-hachmuehlen.eu\/index.php?rest_route=%2Fwp%2Fv2%2Fmedia&parent=499"}],"curies":[{"name":"wp","href":"https:\/\/api.w.org\/{rel}","templated":true}]}}