{"id":4582,"date":"2023-08-04T17:45:09","date_gmt":"2023-08-04T15:45:09","guid":{"rendered":"http:\/\/brullsen-hachmuehlen.eu\/?page_id=4582"},"modified":"2023-08-06T16:51:43","modified_gmt":"2023-08-06T14:51:43","slug":"streuobst-hachmuehlen","status":"publish","type":"page","link":"https:\/\/brullsen-hachmuehlen.eu\/?page_id=4582","title":{"rendered":"Streuobst-Hachm\u00fchlen Stefan Markwirth"},"content":{"rendered":"<p><img loading=\"lazy\" decoding=\"async\" class=\"alignnone wp-image-4568\" src=\"https:\/\/brullsen-hachmuehlen.eu\/wp-content\/uploads\/2023\/07\/Streuobst-Hachmuehlen-Bild-1.jpg\" alt=\"\" width=\"787\" height=\"591\" srcset=\"https:\/\/brullsen-hachmuehlen.eu\/wp-content\/uploads\/2023\/07\/Streuobst-Hachmuehlen-Bild-1.jpg 979w, https:\/\/brullsen-hachmuehlen.eu\/wp-content\/uploads\/2023\/07\/Streuobst-Hachmuehlen-Bild-1-300x225.jpg 300w, https:\/\/brullsen-hachmuehlen.eu\/wp-content\/uploads\/2023\/07\/Streuobst-Hachmuehlen-Bild-1-768x577.jpg 768w, https:\/\/brullsen-hachmuehlen.eu\/wp-content\/uploads\/2023\/07\/Streuobst-Hachmuehlen-Bild-1-326x245.jpg 326w, https:\/\/brullsen-hachmuehlen.eu\/wp-content\/uploads\/2023\/07\/Streuobst-Hachmuehlen-Bild-1-80x60.jpg 80w\" sizes=\"auto, (max-width: 787px) 100vw, 787px\" \/><\/p>\n<p>Wenn Sie Interesse an Streuobstwiesen haben oder einfach nur einen oder mehrere Obstb\u00e4ume geschnitten haben m\u00f6chten, dann sind sie bei mir genau richtig.<\/p>\n<p>Traditionell wurde auf Streuobstwiesen Obst f\u00fcr den\u00a0eigenen Verbrauch aber auch f\u00fcr die Vermarktung\u00a0angebaut.<br \/>\nDer erwerbsm\u00e4\u00dfige Obstbau hat in den vergangenen Jahrzehnten auf Niederstamm-Dichtpflanzungen umgestellt,<br \/>\num rationeller arbeiten zu k\u00f6nnen.<br \/>\nAber auch der Selbstversorger vernachl\u00e4ssigte immer mehr die notwendige Pflege der Streuobstwiesen.<br \/>\nDer Pflegeaufwand stand in keinem Verh\u00e4ltnis \u00a0zum vergleichsweise geringen Preis der f\u00fcr Obst aus aller Welt,<br \/>\nwelches zu jeder Jahreszeit verf\u00fcgbar ist, gezahlt werden musste.<br \/>\nDar\u00fcber hinaus sind der Baut\u00e4tigkeit viele Obstwiesen, die sich h\u00e4ufig am Rand der Ortschaften befanden, zum Opfer gefallen.<\/p>\n<p><img loading=\"lazy\" decoding=\"async\" class=\"wp-image-4574 alignleft\" src=\"https:\/\/brullsen-hachmuehlen.eu\/wp-content\/uploads\/2023\/07\/Streuobst_2-678x381.jpeg\" alt=\"\" width=\"398\" height=\"224\" \/><\/p>\n<p style=\"text-align: left;\">Erst langsam setzt sich die Erkenntnis durch,<br \/>\ndass\u00a0Streuobstwiesen nicht nur sch\u00f6n\u00a0anzusehen sind,<br \/>\nsondern auch aus \u00f6kologischer Sicht\u00a0besonders wertvoll sind.<\/p>\n<p>&nbsp;<\/p>\n<p>&nbsp;<\/p>\n<p>&nbsp;<\/p>\n<p>&nbsp;<\/p>\n<p>Das Interesse an Streuobstwiesen ist <img loading=\"lazy\" decoding=\"async\" class=\"wp-image-4575 alignleft\" src=\"https:\/\/brullsen-hachmuehlen.eu\/wp-content\/uploads\/2023\/07\/Streuobst_3-678x381.jpeg\" alt=\"\" width=\"399\" height=\"224\" \/>wieder gestiegen.<br \/>\nDoch viele der f\u00fcr die\u00a0Anlage und den Erhalt der\u00a0Obstwiesen<br \/>\nnotwendigen Fachkenntnisse sind mittlerweile verloren gegangen.<\/p>\n<p>&nbsp;<\/p>\n<p>&nbsp;<\/p>\n<p>&nbsp;<\/p>\n<p>&nbsp;<\/p>\n<p>Was biete ich Ihnen:<\/p>\n<ul class=\"MailOutline\">\n<li>Obstbaumschnitt<\/li>\n<li>Schnittkurse<\/li>\n<li>Naturp\u00e4dagogischer Unterricht<\/li>\n<li>Individuelle Naturprojekte f\u00fcr Firmen und Privatgruppen<\/li>\n<\/ul>\n<p>Besuchen Sie auch gern meine Internetseite unter <a href=\"https:\/\/streuobst-hachmuehlen.de\/\">Streuobst Hachm\u00fchlen<\/a><\/p>\n<p>Stefan Markwirth<br \/>\nStreuobstp\u00e4dagoge<br \/>\nObstbaum-Fachwart<br \/>\nTel. 01573 6449761<br \/>\neMail: info@streuobst-hachmuehlen.de<br \/>\n<img loading=\"lazy\" decoding=\"async\" class=\"alignnone wp-image-4577\" src=\"https:\/\/brullsen-hachmuehlen.eu\/wp-content\/uploads\/2023\/07\/StreuobstHachmuehlen_Logo_gross-Kontaktdaten.jpeg\" alt=\"\" width=\"106\" height=\"118\" srcset=\"https:\/\/brullsen-hachmuehlen.eu\/wp-content\/uploads\/2023\/07\/StreuobstHachmuehlen_Logo_gross-Kontaktdaten.jpeg 960w, https:\/\/brullsen-hachmuehlen.eu\/wp-content\/uploads\/2023\/07\/StreuobstHachmuehlen_Logo_gross-Kontaktdaten-270x300.jpeg 270w, https:\/\/brullsen-hachmuehlen.eu\/wp-content\/uploads\/2023\/07\/StreuobstHachmuehlen_Logo_gross-Kontaktdaten-920x1024.jpeg 920w, https:\/\/brullsen-hachmuehlen.eu\/wp-content\/uploads\/2023\/07\/StreuobstHachmuehlen_Logo_gross-Kontaktdaten-768x854.jpeg 768w\" sizes=\"auto, (max-width: 106px) 100vw, 106px\" \/><\/p>\n<p>&nbsp;<\/p>\n","protected":false},"excerpt":{"rendered":"<div class=\"mh-excerpt\">Wenn Sie Interesse an Streuobstwiesen haben oder einfach nur einen oder mehrere Obstb\u00e4ume geschnitten haben m\u00f6chten, dann sind sie bei mir genau richtig. Traditionell wurde auf Streuobstwiesen Obst f\u00fcr den\u00a0eigenen Verbrauch aber auch f\u00fcr die <a class=\"mh-excerpt-more\" href=\"https:\/\/brullsen-hachmuehlen.eu\/?page_id=4582\" title=\"Streuobst-Hachm\u00fchlen Stefan Markwirth\">[&#8230;]<\/a><\/div>\n","protected":false},"author":8,"featured_media":0,"parent":0,"menu_order":0,"comment_status":"closed","ping_status":"closed","template":"template-full.php","meta":{"footnotes":""},"class_list":["post-4582","page","type-page","status-publish","hentry"],"_links":{"self":[{"href":"https:\/\/brullsen-hachmuehlen.eu\/index.php?rest_route=\/wp\/v2\/pages\/4582","targetHints":{"allow":["GET"]}}],"collection":[{"href":"https:\/\/brullsen-hachmuehlen.eu\/index.php?rest_route=\/wp\/v2\/pages"}],"about":[{"href":"https:\/\/brullsen-hachmuehlen.eu\/index.php?rest_route=\/wp\/v2\/types\/page"}],"author":[{"embeddable":true,"href":"https:\/\/brullsen-hachmuehlen.eu\/index.php?rest_route=\/wp\/v2\/users\/8"}],"replies":[{"embeddable":true,"href":"https:\/\/brullsen-hachmuehlen.eu\/index.php?rest_route=%2Fwp%2Fv2%2Fcomments&post=4582"}],"version-history":[{"count":34,"href":"https:\/\/brullsen-hachmuehlen.eu\/index.php?rest_route=\/wp\/v2\/pages\/4582\/revisions"}],"predecessor-version":[{"id":4629,"href":"https:\/\/brullsen-hachmuehlen.eu\/index.php?rest_route=\/wp\/v2\/pages\/4582\/revisions\/4629"}],"wp:attachment":[{"href":"https:\/\/brullsen-hachmuehlen.eu\/index.php?rest_route=%2Fwp%2Fv2%2Fmedia&parent=4582"}],"curies":[{"name":"wp","href":"https:\/\/api.w.org\/{rel}","templated":true}]}}