{"id":455,"date":"2016-12-15T09:46:58","date_gmt":"2016-12-15T08:46:58","guid":{"rendered":"http:\/\/brullsen-hachmuehlen.eu\/?page_id=455"},"modified":"2025-01-10T13:11:08","modified_gmt":"2025-01-10T12:11:08","slug":"kindergarten","status":"publish","type":"page","link":"https:\/\/brullsen-hachmuehlen.eu\/?page_id=455","title":{"rendered":"KiTa Hachm\u00fchlen"},"content":{"rendered":"<p><img loading=\"lazy\" decoding=\"async\" class=\"alignnone  wp-image-5172\" src=\"https:\/\/brullsen-hachmuehlen.eu\/wp-content\/uploads\/2025\/01\/KiTa-Hachmuehlen_Homepage-Stadt-Bad-Muender.jpg\" alt=\"\" width=\"635\" height=\"284\" srcset=\"https:\/\/brullsen-hachmuehlen.eu\/wp-content\/uploads\/2025\/01\/KiTa-Hachmuehlen_Homepage-Stadt-Bad-Muender.jpg 938w, https:\/\/brullsen-hachmuehlen.eu\/wp-content\/uploads\/2025\/01\/KiTa-Hachmuehlen_Homepage-Stadt-Bad-Muender-300x134.jpg 300w, https:\/\/brullsen-hachmuehlen.eu\/wp-content\/uploads\/2025\/01\/KiTa-Hachmuehlen_Homepage-Stadt-Bad-Muender-768x344.jpg 768w\" sizes=\"auto, (max-width: 635px) 100vw, 635px\" \/><\/p>\n<p>siehe auch Link der Stadt Bad M\u00fcnder am Deister:<\/p>\n<p><a href=\"https:\/\/www.bad-muender.de\/familienfreundliche-stadt\/familienfreundliche-stadt\/kindertagesstaetten.html#Hachmuehlen\">Stadt Bad M\u00fcnder &#8211; KiTa Hachm\u00fchlen<\/a><\/p>\n<p>&nbsp;<\/p>\n","protected":false},"excerpt":{"rendered":"<div class=\"mh-excerpt\">siehe auch Link der Stadt Bad M\u00fcnder am Deister: Stadt Bad M\u00fcnder &#8211; KiTa Hachm\u00fchlen &nbsp;<\/div>\n","protected":false},"author":1,"featured_media":0,"parent":0,"menu_order":0,"comment_status":"closed","ping_status":"closed","template":"template-full.php","meta":{"footnotes":""},"class_list":["post-455","page","type-page","status-publish","hentry"],"_links":{"self":[{"href":"https:\/\/brullsen-hachmuehlen.eu\/index.php?rest_route=\/wp\/v2\/pages\/455","targetHints":{"allow":["GET"]}}],"collection":[{"href":"https:\/\/brullsen-hachmuehlen.eu\/index.php?rest_route=\/wp\/v2\/pages"}],"about":[{"href":"https:\/\/brullsen-hachmuehlen.eu\/index.php?rest_route=\/wp\/v2\/types\/page"}],"author":[{"embeddable":true,"href":"https:\/\/brullsen-hachmuehlen.eu\/index.php?rest_route=\/wp\/v2\/users\/1"}],"replies":[{"embeddable":true,"href":"https:\/\/brullsen-hachmuehlen.eu\/index.php?rest_route=%2Fwp%2Fv2%2Fcomments&post=455"}],"version-history":[{"count":6,"href":"https:\/\/brullsen-hachmuehlen.eu\/index.php?rest_route=\/wp\/v2\/pages\/455\/revisions"}],"predecessor-version":[{"id":5173,"href":"https:\/\/brullsen-hachmuehlen.eu\/index.php?rest_route=\/wp\/v2\/pages\/455\/revisions\/5173"}],"wp:attachment":[{"href":"https:\/\/brullsen-hachmuehlen.eu\/index.php?rest_route=%2Fwp%2Fv2%2Fmedia&parent=455"}],"curies":[{"name":"wp","href":"https:\/\/api.w.org\/{rel}","templated":true}]}}