{"id":2679,"date":"2019-02-04T17:13:31","date_gmt":"2019-02-04T16:13:31","guid":{"rendered":"http:\/\/brullsen-hachmuehlen.eu\/?page_id=2679"},"modified":"2019-02-04T17:18:10","modified_gmt":"2019-02-04T16:18:10","slug":"gebaeudereinigung-benedict-roy-john","status":"publish","type":"page","link":"https:\/\/brullsen-hachmuehlen.eu\/?page_id=2679","title":{"rendered":"Geb\u00e4udereinigung Benedict Roy John"},"content":{"rendered":"<p>Benedict Roy John Geb\u00e4udereinigung ist seit 2017 im Raum Bad M\u00fcnder\/Hameln-Pyrmont t\u00e4tig. Wir sind spezialisiert auf professionelle Dienstleitungen<\/p>\n<p><strong>\u201cRund um das Haus\u201d<\/strong>.<\/p>\n<p>Unsere Mitarbeiter\/innen bieten qualitativ hochwertige <strong>B\u00fcro-<\/strong>,<strong> Geb\u00e4ude-<\/strong>,<strong> Industrie- <\/strong>und <strong>Bauendreinigung <\/strong>an.<strong> Bodenpflege<\/strong>,<strong> Parkettaufbereitung, Fassaden- und Photovoltaik Reinigung<\/strong> geh\u00f6ren zu unserem Service.<\/p>\n<p><strong>Winterdienst<\/strong>, <strong>Landschafts-<\/strong> und <strong>Gartenpflege<\/strong> sind ein weiterer, gern gebuchter Zweig in unserem Angebot.<\/p>\n<p>Egal ob Sie unseren Reinigungsdienst oder unsere Ladschafts- bzw. Gartenplege ben\u00f6tigen, wir haben das Richtige f\u00fcr Sie zu erschwinglichen Preisen. Das Ziel von<br \/>\nBenedict Roy John Geb\u00e4udereinigung ist es, Ihnen einen freundlichen, angemessenen, professionellen und erstklassigen Service zu bieten.<\/p>\n<p><a href=\"http:\/\/www.brj-dienstleistungen.de\" target=\"_blank\" rel=\"noopener\"><img loading=\"lazy\" decoding=\"async\" class=\"aligncenter wp-image-2680 size-full\" src=\"https:\/\/brullsen-hachmuehlen.eu\/wp-content\/uploads\/2019\/02\/BRJweb-001.jpg\" alt=\"\" width=\"990\" height=\"598\" srcset=\"https:\/\/brullsen-hachmuehlen.eu\/wp-content\/uploads\/2019\/02\/BRJweb-001.jpg 990w, https:\/\/brullsen-hachmuehlen.eu\/wp-content\/uploads\/2019\/02\/BRJweb-001-300x181.jpg 300w, https:\/\/brullsen-hachmuehlen.eu\/wp-content\/uploads\/2019\/02\/BRJweb-001-768x464.jpg 768w\" sizes=\"auto, (max-width: 990px) 100vw, 990px\" \/><\/a><\/p>\n<p><b>Benedict Roy John Geb\u00e4udereinigung<\/b><br \/>\n<b>Brullser Str. 7 &#8211; 31848 Bad M\u00fcnder &#8211; Tel.: +49 (0) 5156 7856946 &#8211; Fax: +49 (0) 5156 7858868 &#8211; Mobil: +49 (0) 151 57553602<\/b><br \/>\n<b><a href=\"http:\/\/www.brj-dienstleistungen.de\" target=\"_blank\" rel=\"noopener\">www.brj-dienstleistungen.de<\/a> &#8211; <a href=\"mailto:benedictroy@hotmail.de\">benedictroy@hotmail.de<\/a>\u00a0<\/b><\/p>\n","protected":false},"excerpt":{"rendered":"<div class=\"mh-excerpt\">Benedict Roy John Geb\u00e4udereinigung ist seit 2017 im Raum Bad M\u00fcnder\/Hameln-Pyrmont t\u00e4tig. Wir sind spezialisiert auf professionelle Dienstleitungen \u201cRund um das Haus\u201d. Unsere Mitarbeiter\/innen bieten qualitativ hochwertige B\u00fcro-, Geb\u00e4ude-, Industrie- und Bauendreinigung an. Bodenpflege, Parkettaufbereitung, <a class=\"mh-excerpt-more\" href=\"https:\/\/brullsen-hachmuehlen.eu\/?page_id=2679\" title=\"Geb\u00e4udereinigung Benedict Roy John\">[&#8230;]<\/a><\/div>\n","protected":false},"author":1,"featured_media":0,"parent":0,"menu_order":0,"comment_status":"closed","ping_status":"closed","template":"template-full.php","meta":{"footnotes":""},"class_list":["post-2679","page","type-page","status-publish","hentry"],"_links":{"self":[{"href":"https:\/\/brullsen-hachmuehlen.eu\/index.php?rest_route=\/wp\/v2\/pages\/2679","targetHints":{"allow":["GET"]}}],"collection":[{"href":"https:\/\/brullsen-hachmuehlen.eu\/index.php?rest_route=\/wp\/v2\/pages"}],"about":[{"href":"https:\/\/brullsen-hachmuehlen.eu\/index.php?rest_route=\/wp\/v2\/types\/page"}],"author":[{"embeddable":true,"href":"https:\/\/brullsen-hachmuehlen.eu\/index.php?rest_route=\/wp\/v2\/users\/1"}],"replies":[{"embeddable":true,"href":"https:\/\/brullsen-hachmuehlen.eu\/index.php?rest_route=%2Fwp%2Fv2%2Fcomments&post=2679"}],"version-history":[{"count":4,"href":"https:\/\/brullsen-hachmuehlen.eu\/index.php?rest_route=\/wp\/v2\/pages\/2679\/revisions"}],"predecessor-version":[{"id":2685,"href":"https:\/\/brullsen-hachmuehlen.eu\/index.php?rest_route=\/wp\/v2\/pages\/2679\/revisions\/2685"}],"wp:attachment":[{"href":"https:\/\/brullsen-hachmuehlen.eu\/index.php?rest_route=%2Fwp%2Fv2%2Fmedia&parent=2679"}],"curies":[{"name":"wp","href":"https:\/\/api.w.org\/{rel}","templated":true}]}}