{"id":21,"date":"2016-12-10T11:27:29","date_gmt":"2016-12-10T10:27:29","guid":{"rendered":"http:\/\/brullsen-hachmuehlen.eu\/?page_id=21"},"modified":"2024-01-01T17:36:32","modified_gmt":"2024-01-01T16:36:32","slug":"unser-ortsrat","status":"publish","type":"page","link":"https:\/\/brullsen-hachmuehlen.eu\/?page_id=21","title":{"rendered":"Unser Ortsrat"},"content":{"rendered":"<p><img loading=\"lazy\" decoding=\"async\" class=\"alignnone size-full wp-image-3908\" src=\"https:\/\/brullsen-hachmuehlen.eu\/wp-content\/uploads\/2021\/11\/Ihre-Ansprechpartner-Screenshot_11-2021.jpg\" alt=\"\" width=\"1047\" height=\"709\" srcset=\"https:\/\/brullsen-hachmuehlen.eu\/wp-content\/uploads\/2021\/11\/Ihre-Ansprechpartner-Screenshot_11-2021.jpg 1047w, https:\/\/brullsen-hachmuehlen.eu\/wp-content\/uploads\/2021\/11\/Ihre-Ansprechpartner-Screenshot_11-2021-300x203.jpg 300w, https:\/\/brullsen-hachmuehlen.eu\/wp-content\/uploads\/2021\/11\/Ihre-Ansprechpartner-Screenshot_11-2021-1024x693.jpg 1024w, https:\/\/brullsen-hachmuehlen.eu\/wp-content\/uploads\/2021\/11\/Ihre-Ansprechpartner-Screenshot_11-2021-768x520.jpg 768w\" sizes=\"auto, (max-width: 1047px) 100vw, 1047px\" \/><\/p>\n<p><span style=\"font-size: 14pt;\"><strong><br \/>\nMailadresse: \u00a0 <a href=\"http:\/\/Ortsrat-Brullsen-Hachmuehlen@email.de\">Ortsrat-Brullsen-Hachmuehlen@email.de<\/a><\/strong>\u00a0<\/span><\/p>\n<p>&nbsp;<\/p>\n<table style=\"height: 673px;\" width=\"729\">\n<tbody>\n<tr>\n<td style=\"width: 306.4px; text-align: center;\"><strong>Ortsb\u00fcrgermeister<\/strong><br \/>\n<strong> Hartwig M\u00f6ller<\/strong><br \/>\nAm Knappenberge 36<br \/>\nHachm\u00fchlen<br \/>\n05042-52347<br \/>\neMail: e.u.h.moeller@web.de<img loading=\"lazy\" decoding=\"async\" class=\"aligncenter wp-image-1573 size-full\" src=\"https:\/\/brullsen-hachmuehlen.eu\/wp-content\/uploads\/2016\/12\/17-Ortsrat-Hartwig-Moeller.jpg\" alt=\"\" width=\"150\" height=\"200\" \/><\/td>\n<td style=\"width: 408.6px; text-align: center;\"><strong>Stellvertreter<\/strong><br \/>\n<strong> Stefan Feuerhake<\/strong><br \/>\nOberdorf 7<br \/>\nBrullsen<br \/>\n0151-46323858<br \/>\neMail:stefanfeuerhake@web.de<img loading=\"lazy\" decoding=\"async\" class=\"aligncenter wp-image-1575 size-full\" src=\"https:\/\/brullsen-hachmuehlen.eu\/wp-content\/uploads\/2016\/12\/17-Ortsrat-Stefan-Feuerhake.jpg\" alt=\"\" width=\"150\" height=\"200\" \/><\/td>\n<\/tr>\n<tr>\n<td style=\"width: 306.4px; text-align: center;\"><strong>Afra Gewand<\/strong><br \/>\nIm Rahr 8<br \/>\nHachm\u00fchlen<br \/>\n05042-504578<br \/>\neMail: afrasemail@freenet.de<br \/>\n<img loading=\"lazy\" decoding=\"async\" class=\"wp-image-3912 aligncenter\" src=\"https:\/\/brullsen-hachmuehlen.eu\/wp-content\/uploads\/2021\/11\/Afra_Bild_Nov.-2021.jpg\" alt=\"\" width=\"145\" height=\"196\" srcset=\"https:\/\/brullsen-hachmuehlen.eu\/wp-content\/uploads\/2021\/11\/Afra_Bild_Nov.-2021.jpg 756w, https:\/\/brullsen-hachmuehlen.eu\/wp-content\/uploads\/2021\/11\/Afra_Bild_Nov.-2021-221x300.jpg 221w\" sizes=\"auto, (max-width: 145px) 100vw, 145px\" \/><\/td>\n<td style=\"width: 408.6px;\">\n<p style=\"text-align: center;\">Sebastian Grabarits<br \/>\nWehrmannsfeld 3<br \/>\nHachm\u00fchlen<br \/>\n0160-97722644<br \/>\neMail: sebastiangrabarits@web.de<br \/>\n<img loading=\"lazy\" decoding=\"async\" class=\"wp-image-4368 aligncenter\" src=\"https:\/\/brullsen-hachmuehlen.eu\/wp-content\/uploads\/2022\/12\/Grabarits-Sebastian_12-2022.jpg\" alt=\"\" width=\"138\" height=\"206\" srcset=\"https:\/\/brullsen-hachmuehlen.eu\/wp-content\/uploads\/2022\/12\/Grabarits-Sebastian_12-2022.jpg 591w, https:\/\/brullsen-hachmuehlen.eu\/wp-content\/uploads\/2022\/12\/Grabarits-Sebastian_12-2022-200x300.jpg 200w\" sizes=\"auto, (max-width: 138px) 100vw, 138px\" \/><\/p>\n<\/td>\n<\/tr>\n<tr>\n<td style=\"width: 306.4px; text-align: center;\"><strong>Stefan Lampe<\/strong><br \/>\nUnter der Kirche 1<br \/>\nHachm\u00fchlen<br \/>\n05042-509980<br \/>\neMail: stefan.lampe1@t-online.de<img loading=\"lazy\" decoding=\"async\" class=\"aligncenter wp-image-1581 size-full\" src=\"https:\/\/brullsen-hachmuehlen.eu\/wp-content\/uploads\/2016\/12\/17-Ortsrat-Stefan-Lampe.jpg\" alt=\"\" width=\"150\" height=\"200\" \/><span style=\"font-size: 10pt;\"><strong>-gleichzeitig auch<\/strong><\/span><br \/>\n<span style=\"font-size: 10pt;\"><strong>Mitglied<\/strong><\/span><br \/>\n<span style=\"font-size: 10pt;\"><strong>im Stadtrat Bad M\u00fcnder-<\/strong><\/span><\/td>\n<td style=\"width: 408.6px;\"><\/td>\n<\/tr>\n<\/tbody>\n<\/table>\n","protected":false},"excerpt":{"rendered":"<div class=\"mh-excerpt\">Mailadresse: \u00a0 Ortsrat-Brullsen-Hachmuehlen@email.de\u00a0 &nbsp; Ortsb\u00fcrgermeister Hartwig M\u00f6ller Am Knappenberge 36 Hachm\u00fchlen 05042-52347 eMail: e.u.h.moeller@web.de Stellvertreter Stefan Feuerhake Oberdorf 7 Brullsen 0151-46323858 eMail:stefanfeuerhake@web.de Afra Gewand Im Rahr 8 Hachm\u00fchlen 05042-504578 eMail: afrasemail@freenet.de Sebastian Grabarits Wehrmannsfeld 3 <a class=\"mh-excerpt-more\" href=\"https:\/\/brullsen-hachmuehlen.eu\/?page_id=21\" title=\"Unser Ortsrat\">[&#8230;]<\/a><\/div>\n","protected":false},"author":1,"featured_media":0,"parent":0,"menu_order":0,"comment_status":"closed","ping_status":"closed","template":"template-full.php","meta":{"footnotes":""},"class_list":["post-21","page","type-page","status-publish","hentry"],"_links":{"self":[{"href":"https:\/\/brullsen-hachmuehlen.eu\/index.php?rest_route=\/wp\/v2\/pages\/21","targetHints":{"allow":["GET"]}}],"collection":[{"href":"https:\/\/brullsen-hachmuehlen.eu\/index.php?rest_route=\/wp\/v2\/pages"}],"about":[{"href":"https:\/\/brullsen-hachmuehlen.eu\/index.php?rest_route=\/wp\/v2\/types\/page"}],"author":[{"embeddable":true,"href":"https:\/\/brullsen-hachmuehlen.eu\/index.php?rest_route=\/wp\/v2\/users\/1"}],"replies":[{"embeddable":true,"href":"https:\/\/brullsen-hachmuehlen.eu\/index.php?rest_route=%2Fwp%2Fv2%2Fcomments&post=21"}],"version-history":[{"count":38,"href":"https:\/\/brullsen-hachmuehlen.eu\/index.php?rest_route=\/wp\/v2\/pages\/21\/revisions"}],"predecessor-version":[{"id":4773,"href":"https:\/\/brullsen-hachmuehlen.eu\/index.php?rest_route=\/wp\/v2\/pages\/21\/revisions\/4773"}],"wp:attachment":[{"href":"https:\/\/brullsen-hachmuehlen.eu\/index.php?rest_route=%2Fwp%2Fv2%2Fmedia&parent=21"}],"curies":[{"name":"wp","href":"https:\/\/api.w.org\/{rel}","templated":true}]}}